{"id":6419,"date":"2023-06-20T14:33:50","date_gmt":"2023-06-20T13:33:50","guid":{"rendered":"https:\/\/www.levo.ch\/produkte\/kidjunior\/"},"modified":"2025-04-25T14:15:03","modified_gmt":"2025-04-25T13:15:03","slug":"kidjunior","status":"publish","type":"page","link":"https:\/\/www.levo.ch\/de\/produkte\/kidjunior\/","title":{"rendered":"Kid&amp;Junior"},"content":{"rendered":"<p>[et_pb_section fb_built=&#8220;1&#8243; custom_padding_last_edited=&#8220;on|phone&#8220; prev_background_color=&#8220;#ffffff&#8220; admin_label=&#8220;Main&#8220; _builder_version=&#8220;4.27.4&#8243; _module_preset=&#8220;default&#8220; background_enable_color=&#8220;off&#8220; use_background_color_gradient=&#8220;on&#8220; background_color_gradient_stops=&#8220;#d6d6d6 0%|#ffffff 100%&#8220; background_enable_image=&#8220;off&#8220; custom_padding=&#8220;||||false|false&#8220; custom_padding_tablet=&#8220;&#8220; custom_padding_phone=&#8220;20px||235px||false|false&#8220; top_divider_style=&#8220;wave2&#8243; global_colors_info=&#8220;{}&#8220;][et_pb_row column_structure=&#8220;2_5,3_5&#8243; admin_label=&#8220;Reihe&#8220; _builder_version=&#8220;4.27.0&#8243; _module_preset=&#8220;default&#8220; locked=&#8220;off&#8220; global_colors_info=&#8220;{}&#8220;][et_pb_column type=&#8220;2_5&#8243; _builder_version=&#8220;4.16&#8243; _module_preset=&#8220;default&#8220; global_colors_info=&#8220;{}&#8220;][et_pb_text _builder_version=&#8220;4.27.4&#8243; _module_preset=&#8220;default&#8220; text_font_size=&#8220;20px&#8220; text_line_height=&#8220;1.3em&#8220; header_font=&#8220;Montserrat||||||||&#8220; header_text_color=&#8220;#000000&#8243; header_font_size=&#8220;45px&#8220; custom_padding=&#8220;70px||||false|false&#8220; text_font_size_tablet=&#8220;20px&#8220; text_font_size_phone=&#8220;20px&#8220; text_font_size_last_edited=&#8220;on|phone&#8220; header_font_size_tablet=&#8220;40px&#8220; header_font_size_phone=&#8220;40px&#8220; header_font_size_last_edited=&#8220;on|phone&#8220; global_colors_info=&#8220;{}&#8220;]<\/p>\n<h1>LEVO <span style=\"color: #ff0000;\">KID<\/span>&amp;<span style=\"color: #ff0000;\">JUNIOR<\/span><\/h1>\n<p>Ihr Kind ist aktiv und m\u00f6chte nach oben greifen und \u00fcberall dabei sein. Der LEVO Kid ist sein Partner beim Spielen, Lernen und beim Wachsen zur vollen Entfaltung seines Potenzials. <\/p>\n<p>Wie Ihr Kind ist auch der LEVO Kid lebhaft und unterhaltsam, mit besonderen F\u00e4higkeiten ausgestattet. Verschiedene Sitzpositionen und ein Aufstehen bis zu 86\u00b0 bieten ein hohes Ma\u00df an Unabh\u00e4ngigkeit<br \/>und Flexibilit\u00e4t. Leicht verstellbare Wachstumsplatten sowie eine breite Palette an Zubeh\u00f6r und Optionen erm\u00f6glichen es dem LEVO Kid, \u00fcber viele Jahre hinweg harmonisch mit Ihrem Kind mitzuwachsen.  <\/p>\n<p>[\/et_pb_text][\/et_pb_column][et_pb_column type=&#8220;3_5&#8243; _builder_version=&#8220;4.21.0&#8243; _module_preset=&#8220;default&#8220; global_colors_info=&#8220;{}&#8220;][et_pb_image src=&#8220;https:\/\/www.levo.ch\/wp-content\/uploads\/2025\/04\/KJ-chair-only.png&#8220; title_text=&#8220;KJ-chair-only&#8220; align=&#8220;right&#8220; _builder_version=&#8220;4.27.4&#8243; _module_preset=&#8220;default&#8220; transform_translate=&#8220;0px|-151px&#8220; transform_translate_linked=&#8220;off&#8220; custom_margin=&#8220;100px||-100px||false|false&#8220; scroll_vertical_motion=&#8220;0|100|100|100|4|0|-4&#8243; scroll_horizontal_motion=&#8220;0|17|91|100|4|0|1&#8243; scroll_blur=&#8220;0|17|84|100|10|0|0&#8243; motion_trigger_start=&#8220;top&#8220; hover_enabled=&#8220;0&#8243; global_colors_info=&#8220;{}&#8220; sticky_enabled=&#8220;0&#8243;][\/et_pb_image][\/et_pb_column][\/et_pb_row][\/et_pb_section][et_pb_section fb_built=&#8220;1&#8243; admin_label=&#8220;To be part of&#8230;&#8220; _builder_version=&#8220;4.27.2&#8243; _module_preset=&#8220;default&#8220; background_enable_color=&#8220;off&#8220; global_colors_info=&#8220;{}&#8220;][et_pb_row _builder_version=&#8220;4.27.0&#8243; _module_preset=&#8220;default&#8220; global_colors_info=&#8220;{}&#8220;][et_pb_column type=&#8220;4_4&#8243; _builder_version=&#8220;4.21.0&#8243; _module_preset=&#8220;default&#8220; global_colors_info=&#8220;{}&#8220;][et_pb_text _builder_version=&#8220;4.27.2&#8243; _module_preset=&#8220;default&#8220; text_font=&#8220;Montserrat|||on|||||&#8220; text_text_color=&#8220;#000000&#8243; text_font_size=&#8220;60px&#8220; text_line_height=&#8220;70px&#8220; custom_padding=&#8220;55px||61px||false|false&#8220; global_colors_info=&#8220;{}&#8220;]<\/p>\n<p style=\"text-align: center;\"><span style=\"color: #000000;\">TEIL<\/span> <span style=\"color: #ff0000;\">DES<\/span> <span style=\"color: #000000;\">GANZEN SEIN&#8230;.<\/span><\/p>\n<p>[\/et_pb_text][\/et_pb_column][\/et_pb_row][\/et_pb_section][et_pb_section fb_built=&#8220;1&#8243; admin_label=&#8220;Tabs&#8220; _builder_version=&#8220;4.27.2&#8243; _module_preset=&#8220;default&#8220; background_color=&#8220;#D6D6D6&#8243; custom_margin=&#8220;||||false|false&#8220; custom_padding=&#8220;50px||50px||false|false&#8220; sticky_limit_bottom=&#8220;body&#8220; global_colors_info=&#8220;{}&#8220;][et_pb_row _builder_version=&#8220;4.27.0&#8243; _module_preset=&#8220;default&#8220; background_color=&#8220;#000000&#8243; custom_padding=&#8220;||||false|false&#8220; box_shadow_style=&#8220;preset2&#8243; global_colors_info=&#8220;{}&#8220;][et_pb_column type=&#8220;4_4&#8243; admin_label=&#8220;Spalte&#8220; _builder_version=&#8220;4.21.0&#8243; _module_preset=&#8220;default&#8220; global_colors_info=&#8220;{}&#8220;][dsm_advanced_tabs dsm_show_arrow=&#8220;on&#8220; dsm_inner_content_animation=&#8220;zoomIn&#8220; dsm_tabs_gap=&#8220;0px&#8220; dsm_tabs_bg_color=&#8220;#000000&#8243; dsm_tabs_text_color=&#8220;#FFFFFF&#8220; dsm_tabs_active_text_color=&#8220;#000000&#8243; dsm_tabs_wrapper_width=&#8220;100%&#8220; dsm_show_arrow_tablet=&#8220;&#8220; dsm_show_arrow_phone=&#8220;off&#8220; dsm_show_arrow_last_edited=&#8220;on|desktop&#8220; _builder_version=&#8220;4.27.0&#8243; _module_preset=&#8220;default&#8220; tab_title_font=&#8220;Montserrat|||on|||||&#8220; tab_title_text_align=&#8220;left&#8220; tab_title_font_size=&#8220;16px&#8220; content_title_font=&#8220;Montserrat||||||||&#8220; tab_content_text_font=&#8220;Montserrat|700|||||||&#8220; tab_content_text_font_size=&#8220;19px&#8220; hover_transition_speed_curve=&#8220;ease-out&#8220; global_colors_info=&#8220;{}&#8220;][dsm_advanced_tabs_child dsm_title=&#8220;Lichter&#8220; dsm_content=&#8220;<\/p>\n<ul>\n<li>Sanfte Steh- und Positionierungsbewegung<\/li>\n<li>Kompakt, wendig, leicht<\/li>\n<li>Sichere und zuverl\u00e4ssige Aufstehfunktion mit Elevationsm\u00f6glichkeit in allen Winkeln zwischen sitzender und 86\u00b0 stehender Position<\/li>\n<li>Schalteraktivierung und Schalteroption f\u00fcr alle Stufen der Hand-\/Fingerfunktion<\/li>\n<li>Einstellbar f\u00fcr Ober- und Unterschenkell\u00e4nge, Fu\u00dfposition und R\u00fcckenh\u00f6he<\/li>\n<li>Sechs Bodenstabilit\u00e4tspunkte gew\u00e4hrleisten eine solide und sichere Stehposition<\/li>\n<li>Breites Spektrum an verschiedenen Optionen und Zubeh\u00f6rteilen<\/li>\n<li>Mehrere Farboptionen<\/li>\n<li>Zertifikate: T\u00dcV, CERAH, HI, FDA\/510(k), Crashtest<\/li>\n<\/ul>\n<p>&#8220; _builder_version=&#8220;4.27.0&#8243; _module_preset=&#8220;default&#8220; tab_content_text_text_color=&#8220;#FFFFFF&#8220; background_color=&#8220;#E02B20&#8243; background_enable_color=&#8220;on&#8220; global_colors_info=&#8220;{}&#8220; parentOrderClass=&#8220;dsm_advanced_tabs_0&#8243;][\/dsm_advanced_tabs_child][dsm_advanced_tabs_child dsm_title=&#8220;Eigenschaften&#8220; dsm_content=&#8220;<\/p>\n<ul>\n<li>Wendig, Aktiv, Kompakt<\/li>\n<li>Hervorragende Fahreigenschaften im Innen- und Au\u00dfenbereich<\/li>\n<li>Bequeme Schnellverschluss-Hinterr\u00e4der, Vorderr\u00e4der und eine faltbare R\u00fcckenlehne f\u00fcr einfachen Fahrzeugtransport<\/li>\n<li>Einfache und schnelle Anpassung an individuelle Pr\u00e4ferenzen<\/li>\n<li>Zubeh\u00f6r zur Gestaltung Ihres personalisierten Rollstuhls<\/li>\n<\/ul>\n<p>&#8220; _builder_version=&#8220;4.27.0&#8243; _module_preset=&#8220;default&#8220; tab_content_text_text_color=&#8220;#FFFFFF&#8220; background_color=&#8220;#E02B20&#8243; background_enable_color=&#8220;on&#8220; global_colors_info=&#8220;{}&#8220; parentOrderClass=&#8220;dsm_advanced_tabs_0&#8243;][\/dsm_advanced_tabs_child][dsm_advanced_tabs_child dsm_title=&#8220;Sitzen und Stehen&#8220; dsm_content=&#8220;<\/p>\n<ul>\n<li>Elektrische Steheinheit: per Knopfdruck bet\u00e4tigt, aktiviert leistungsstarken Aktuator<\/li>\n<li>Verschiedene Schalter verf\u00fcgbar f\u00fcr Menschen mit allen Stufen der Hand- und Fingerfunktion<\/li>\n<li>Vollst\u00e4ndige Stehposition bis zu 86\u00b0<\/li>\n<li>Sitzen, Stehen &#8211; und jede Position dazwischen<\/li>\n<li>Sechs Bodenstabilit\u00e4tspunkte gew\u00e4hrleisten eine solide und sichere Stehposition<\/li>\n<li>Elektrischer Aktuator zum Stehen \u2013 sanft, stabil, sicher<\/li>\n<li>Optimale und abgestimmte K\u00f6rpermechanik in allen Sitz- und Stehpositionen<\/li>\n<li>Zahlreiche gesundheitliche Vorteile durch h\u00e4ufigeres Stehen<\/li>\n<\/ul>\n<p>&#8220; _builder_version=&#8220;4.27.0&#8243; _module_preset=&#8220;default&#8220; tab_content_text_text_color=&#8220;#FFFFFF&#8220; background_color=&#8220;#E02B20&#8243; background_enable_color=&#8220;on&#8220; global_colors_info=&#8220;{}&#8220; parentOrderClass=&#8220;dsm_advanced_tabs_0&#8243;][\/dsm_advanced_tabs_child][dsm_advanced_tabs_child dsm_title=&#8220;Standardkonfiguration&#8220; dsm_content=&#8220;<\/p>\n<ul>\n<li>Nach oben klappbare Armlehnen, h\u00f6hen- und winkelverstellbar<\/li>\n<li>Herunterklappbare R\u00fcckenlehne, winkelverstellbar<\/li>\n<li>Akku und Ladeger\u00e4t<\/li>\n<li>Brustgurt und Kniest\u00fctze<\/li>\n<\/ul>\n<p>&#8220; _builder_version=&#8220;4.27.0&#8243; _module_preset=&#8220;default&#8220; tab_content_text_text_color=&#8220;#FFFFFF&#8220; background_color=&#8220;#E02B20&#8243; background_enable_color=&#8220;on&#8220; global_colors_info=&#8220;{}&#8220; parentOrderClass=&#8220;dsm_advanced_tabs_0&#8243;][\/dsm_advanced_tabs_child][dsm_advanced_tabs_child dsm_title=&#8220;Optionen und Zubeh\u00f6r&#8220; dsm_content=&#8220;<\/p>\n<ul>\n<li>Wachstumskit Sitzbreite 30 bis 35 cm<\/li>\n<li>Wachstumskit Kid zu Junior<\/li>\n<li>H\u00f6henverstellbarer Schiebegriff<\/li>\n<li>Begleitpersonensteuerung f\u00fcr Aufstehfunktion<\/li>\n<li>Schaumstoffsitzkissen<\/li>\n<li>Kippschutzvorrichtungen<\/li>\n<li>Tablettaufsatz<\/li>\n<li>R\u00fcckenverl\u00e4ngerung 6 bis 16 cm<\/li>\n<li>Spinergy-R\u00e4der<\/li>\n<li>V-Trak-R\u00fccken<\/li>\n<li>&#8230;viele weitere auf Anfrage!<\/li>\n<\/ul>\n<p>&#8220; _builder_version=&#8220;4.27.0&#8243; _module_preset=&#8220;default&#8220; tab_content_text_text_color=&#8220;#FFFFFF&#8220; background_color=&#8220;#E02B20&#8243; background_enable_color=&#8220;on&#8220; global_colors_info=&#8220;{}&#8220; parentOrderClass=&#8220;dsm_advanced_tabs_0&#8243;][\/dsm_advanced_tabs_child][\/dsm_advanced_tabs][\/et_pb_column][\/et_pb_row][\/et_pb_section][et_pb_section fb_built=&#8220;1&#8243; admin_label=&#8220;Downloads&#8220; _builder_version=&#8220;4.27.2&#8243; _module_preset=&#8220;default&#8220; background_color=&#8220;#D6D6D6&#8243; custom_margin=&#8220;||||false|false&#8220; custom_padding=&#8220;||60px||false|false&#8220; box_shadow_style=&#8220;preset3&#8243; global_colors_info=&#8220;{}&#8220;][et_pb_row _builder_version=&#8220;4.21.0&#8243; _module_preset=&#8220;default&#8220; global_colors_info=&#8220;{}&#8220;][et_pb_column type=&#8220;4_4&#8243; admin_label=&#8220;Spalte&#8220; _builder_version=&#8220;4.21.0&#8243; _module_preset=&#8220;default&#8220; global_colors_info=&#8220;{}&#8220;][et_pb_text _builder_version=&#8220;4.27.4&#8243; _module_preset=&#8220;default&#8220; text_font=&#8220;Montserrat||||||||&#8220; text_text_color=&#8220;#000000&#8243; text_font_size=&#8220;35px&#8220; text_orientation=&#8220;center&#8220; custom_margin=&#8220;40px||||false|false&#8220; text_line_height_tablet=&#8220;&#8220; text_line_height_phone=&#8220;1.8em&#8220; text_line_height_last_edited=&#8220;on|desktop&#8220; global_colors_info=&#8220;{}&#8220;]<\/p>\n<p>Downloads f\u00fcr Kid  Junior<\/p>\n<p>[\/et_pb_text][divi_wpfd_file_category category_id=&#8220;{%22categoryId%22:%22293%22,%22categoryPath%22:%22EN&#8212;KIDJUN_EN%22}&#8220; _builder_version=&#8220;4.27.3&#8243; _module_preset=&#8220;default&#8220; background_enable_color=&#8220;off&#8220; global_colors_info=&#8220;{}&#8220;][\/divi_wpfd_file_category][\/et_pb_column][\/et_pb_row][\/et_pb_section][et_pb_section fb_built=&#8220;1&#8243; admin_label=&#8220;Images&#8220; _builder_version=&#8220;4.27.4&#8243; _module_preset=&#8220;default&#8220; positioning=&#8220;none&#8220; global_colors_info=&#8220;{}&#8220;][et_pb_row _builder_version=&#8220;4.27.0&#8243; _module_preset=&#8220;default&#8220; global_colors_info=&#8220;{}&#8220;][et_pb_column type=&#8220;4_4&#8243; _builder_version=&#8220;4.27.0&#8243; _module_preset=&#8220;default&#8220; global_colors_info=&#8220;{}&#8220;][dsm_image_carousel gallery_ids=&#8220;1231,1229,1226&#8243; sizes=&#8220;large&#8220; slider_effect=&#8220;cube&#8220; speed=&#8220;2000&#8243; admin_label=&#8220;Images&#8220; _builder_version=&#8220;4.27.4&#8243; _module_preset=&#8220;default&#8220; custom_padding=&#8220;50px||50px||false|false&#8220; global_colors_info=&#8220;{}&#8220;][\/dsm_image_carousel][\/et_pb_column][\/et_pb_row][\/et_pb_section]<\/p>\n","protected":false},"excerpt":{"rendered":"<p>LEVO KID&amp;JUNIOR Ihr Kind ist aktiv und m\u00f6chte nach oben greifen und \u00fcberall dabei sein. Der LEVO Kid ist sein Partner beim Spielen, Lernen und beim Wachsen zur vollen Entfaltung seines Potenzials. Wie Ihr Kind ist auch der LEVO Kid lebhaft und unterhaltsam, mit besonderen F\u00e4higkeiten ausgestattet. Verschiedene Sitzpositionen und ein Aufstehen bis zu 86\u00b0 bieten ein hohes Ma\u00df an Unabh\u00e4ngigkeitund Flexibilit\u00e4t. Leicht verstellbare Wachstumsplatten sowie eine breite Palette an Zubeh\u00f6r und Optionen erm\u00f6glichen es dem LEVO Kid, \u00fcber viele Jahre hinweg harmonisch mit Ihrem Kind mitzuwachsen. TEIL DES GANZEN SEIN&#8230;.<div class=\"et_pb_module dsm_advanced_tabs dsm_advanced_tabs_0\">\n\t\t\t\t\n\t\t\t\t\n\t\t\t\t\n\t\t\t\t\n\t\t\t\t\n\t\t\t\t\n\t\t\t\t<div class=\"et_pb_module_inner\">\n\t\t\t\t\t<div class=\"dsm-advanced-tabs-container\" data-trigger=\"click\" data-animation=\"none\" data-inner_animation=\"zoomIn\" data-deep_link=\"off\" data-image_lightbox=\"off\" data-auto_scroll_mobile=\"off\" data-anchor_link=\"off\">\n\t\t\t\t    <div class=\"dsm-advanced-tabs-wrapper\" role=\"tablist\"><\/div>\n\t\t\t\t <div class=\"dsm-advanced-tabs-content-wrapper\">\n\t\t\t\t    \n\t\t\t\t <\/div>\n\t\t     <\/div>\n\t\t    \n\t\t\t\t<\/div>\n\t\t\t<\/div><div class=\"dsm-advanced-tab-item-wrapper dsm_advanced_tabs_child_0\">\n\t\t\t\t<\/div>\n\t\t\t<div class=\"dsm-advanced-tab-item-wrapper dsm_advanced_tabs_child_1\">\n\t\t\t\t<\/div>\n\t\t\t<\/p>\n","protected":false},"author":1,"featured_media":0,"parent":6400,"menu_order":3,"comment_status":"closed","ping_status":"closed","template":"","meta":{"_et_pb_use_builder":"on","_et_pb_old_content":"","_et_gb_content_width":"","footnotes":""},"class_list":["post-6419","page","type-page","status-publish","hentry"],"_links":{"self":[{"href":"https:\/\/www.levo.ch\/de\/wp-json\/wp\/v2\/pages\/6419","targetHints":{"allow":["GET"]}}],"collection":[{"href":"https:\/\/www.levo.ch\/de\/wp-json\/wp\/v2\/pages"}],"about":[{"href":"https:\/\/www.levo.ch\/de\/wp-json\/wp\/v2\/types\/page"}],"author":[{"embeddable":true,"href":"https:\/\/www.levo.ch\/de\/wp-json\/wp\/v2\/users\/1"}],"replies":[{"embeddable":true,"href":"https:\/\/www.levo.ch\/de\/wp-json\/wp\/v2\/comments?post=6419"}],"version-history":[{"count":2,"href":"https:\/\/www.levo.ch\/de\/wp-json\/wp\/v2\/pages\/6419\/revisions"}],"predecessor-version":[{"id":6421,"href":"https:\/\/www.levo.ch\/de\/wp-json\/wp\/v2\/pages\/6419\/revisions\/6421"}],"up":[{"embeddable":true,"href":"https:\/\/www.levo.ch\/de\/wp-json\/wp\/v2\/pages\/6400"}],"wp:attachment":[{"href":"https:\/\/www.levo.ch\/de\/wp-json\/wp\/v2\/media?parent=6419"}],"curies":[{"name":"wp","href":"https:\/\/api.w.org\/{rel}","templated":true}]}}